{"id":3737,"date":"2025-07-04T15:07:28","date_gmt":"2025-07-04T13:07:28","guid":{"rendered":"https:\/\/iomtech.com\/web\/?page_id=3737"},"modified":"2025-07-11T14:20:23","modified_gmt":"2025-07-11T12:20:23","slug":"tuerenmanagement","status":"publish","type":"page","link":"https:\/\/iomtech.com\/web\/tuerenmanagement\/","title":{"rendered":"T\u00fcrenmanagement"},"content":{"rendered":"\t\t<div data-elementor-type=\"wp-page\" data-elementor-id=\"3737\" class=\"elementor elementor-3737\">\n\t\t\t\t<div class=\"elementor-element elementor-element-39263ac e-con-full e-flex e-con e-parent\" data-id=\"39263ac\" data-element_type=\"container\" data-settings=\"{&quot;background_background&quot;:&quot;classic&quot;}\">\n\t\t\t\t<div class=\"elementor-element elementor-element-9586275 elementor-widget__width-inherit elementor-widget elementor-widget-heading\" data-id=\"9586275\" data-element_type=\"widget\" data-widget_type=\"heading.default\">\n\t\t\t\t<div class=\"elementor-widget-container\">\n\t\t\t<h1 class=\"elementor-heading-title elementor-size-default\">Das <font color=\"#e40716\">MIQ.Tor <\/font>T\u00fcrenmanagement<\/h1>\t\t<\/div>\n\t\t\t\t<\/div>\n\t\t\t\t<div class=\"elementor-element elementor-element-fffc6f8 elementor-widget elementor-widget-spacer\" data-id=\"fffc6f8\" data-element_type=\"widget\" data-widget_type=\"spacer.default\">\n\t\t\t\t<div class=\"elementor-widget-container\">\n\t\t\t\t\t<div class=\"elementor-spacer\">\n\t\t\t<div class=\"elementor-spacer-inner\"><\/div>\n\t\t<\/div>\n\t\t\t\t<\/div>\n\t\t\t\t<\/div>\n\t\t\t\t<\/div>\n\t\t<div class=\"elementor-element elementor-element-1782af1 e-grid e-con-boxed e-con e-parent\" data-id=\"1782af1\" data-element_type=\"container\">\n\t\t\t\t\t<div class=\"e-con-inner\">\n\t\t\t\t<div class=\"elementor-element elementor-element-6490545 elementor-widget elementor-widget-text-editor\" data-id=\"6490545\" data-element_type=\"widget\" data-widget_type=\"text-editor.default\">\n\t\t\t\t<div class=\"elementor-widget-container\">\n\t\t\t\t\t\t\t<p style=\"text-align: center;\">Erfassung aller <strong>relevanten<\/strong> Daten<br>\nder verbauten\u00a0\u00a0T\u00fcren<br>\nmit allen <strong>Systemkomponenten\u00a0<\/strong><br>(T\u00fcrendatenbank)<\/p>\n\n\n<hr \/><br>\n<p style=\"text-align: center;\">Hinterlegung aller <strong>Systemdokumente<\/strong><br>\nund Wartungsanweisungen<br>\nzu den jeweiligen Bauteilen<br>\nZulassungen<br>\nEinbauanweisung<br>\nAbnahmen<br>\nPr\u00fcfungen<\/p>\t\t\t\t\t\t<\/div>\n\t\t\t\t<\/div>\n\t\t\t\t<div class=\"elementor-element elementor-element-482cf45 elementor-widget elementor-widget-image\" data-id=\"482cf45\" data-element_type=\"widget\" data-widget_type=\"image.default\">\n\t\t\t\t<div class=\"elementor-widget-container\">\n\t\t\t\t\t\t\t\t\t\t\t\t\t<img fetchpriority=\"high\" decoding=\"async\" width=\"400\" height=\"400\" src=\"https:\/\/iomtech.com\/web\/wp-content\/uploads\/2025\/07\/komponente.png\" class=\"attachment-large size-large wp-image-3747\" alt=\"\" srcset=\"https:\/\/iomtech.com\/web\/wp-content\/uploads\/2025\/07\/komponente.png 400w, https:\/\/iomtech.com\/web\/wp-content\/uploads\/2025\/07\/komponente-300x300.png 300w, https:\/\/iomtech.com\/web\/wp-content\/uploads\/2025\/07\/komponente-150x150.png 150w\" sizes=\"(max-width: 400px) 100vw, 400px\" \/>\t\t\t\t\t\t\t\t\t\t\t\t\t<\/div>\n\t\t\t\t<\/div>\n\t\t\t\t<div class=\"elementor-element elementor-element-57536fd elementor-widget elementor-widget-text-editor\" data-id=\"57536fd\" data-element_type=\"widget\" data-widget_type=\"text-editor.default\">\n\t\t\t\t<div class=\"elementor-widget-container\">\n\t\t\t\t\t\t\t<p style=\"text-align: center;\"><strong>Historische Datenverwaltung <\/strong><br>\nalle baulichen \u00c4nderungen<br>\nalle Systemver\u00e4nderungen<br>\nalle Serviceleistungen<br>\nalle Reparaturleistungen<br>\nSchnittstellen XML, XLS, CSV, SA<\/p>\n\n\n<hr \/><br>\n<p style=\"text-align: center;\">Erstellung von<br>\n<b>Wartungs<\/b>&#8211; und<br>\n<b>Service<\/b>pl\u00e4nen<\/p>\t\t\t\t\t\t<\/div>\n\t\t\t\t<\/div>\n\t\t\t\t<div class=\"elementor-element elementor-element-9529d6e elementor-widget elementor-widget-image\" data-id=\"9529d6e\" data-element_type=\"widget\" data-widget_type=\"image.default\">\n\t\t\t\t<div class=\"elementor-widget-container\">\n\t\t\t\t\t\t\t\t\t\t\t\t\t<img decoding=\"async\" width=\"896\" height=\"822\" src=\"https:\/\/iomtech.com\/web\/wp-content\/uploads\/2025\/07\/Verortung.jpg\" class=\"attachment-large size-large wp-image-3792\" alt=\"\" srcset=\"https:\/\/iomtech.com\/web\/wp-content\/uploads\/2025\/07\/Verortung.jpg 896w, https:\/\/iomtech.com\/web\/wp-content\/uploads\/2025\/07\/Verortung-300x275.jpg 300w, https:\/\/iomtech.com\/web\/wp-content\/uploads\/2025\/07\/Verortung-768x705.jpg 768w\" sizes=\"(max-width: 896px) 100vw, 896px\" \/>\t\t\t\t\t\t\t\t\t\t\t\t\t<\/div>\n\t\t\t\t<\/div>\n\t\t\t\t<div class=\"elementor-element elementor-element-2d4784a elementor-widget elementor-widget-text-editor\" data-id=\"2d4784a\" data-element_type=\"widget\" data-widget_type=\"text-editor.default\">\n\t\t\t\t<div class=\"elementor-widget-container\">\n\t\t\t\t\t\t\t<p style=\"text-align: center;\"><strong>Verortung<\/strong> <br>der T\u00fcren und externer Systemkomponenten <br>im Plan<\/p>\n\n\n<hr \/><br>\n<p style=\"text-align: center;\"><strong>Interaktive Auffindbarkeit<\/strong> <br>der T\u00fcren <br>und zugeh\u00f6riger externer Systemkomponenten im Plan <br>aus den Einzeldatens\u00e4tzen<\/p>\t\t\t\t\t\t<\/div>\n\t\t\t\t<\/div>\n\t\t\t\t<div class=\"elementor-element elementor-element-a1d6d99 elementor-widget elementor-widget-image\" data-id=\"a1d6d99\" data-element_type=\"widget\" data-widget_type=\"image.default\">\n\t\t\t\t<div class=\"elementor-widget-container\">\n\t\t\t\t\t\t\t\t\t\t\t\t\t<img decoding=\"async\" width=\"1024\" height=\"1024\" src=\"https:\/\/iomtech.com\/web\/wp-content\/uploads\/2025\/07\/Gemini_Generated_Image_xso1l0xso1l0xso1-1024x1024.png\" class=\"attachment-large size-large wp-image-3793\" alt=\"\" srcset=\"https:\/\/iomtech.com\/web\/wp-content\/uploads\/2025\/07\/Gemini_Generated_Image_xso1l0xso1l0xso1-1024x1024.png 1024w, https:\/\/iomtech.com\/web\/wp-content\/uploads\/2025\/07\/Gemini_Generated_Image_xso1l0xso1l0xso1-300x300.png 300w, https:\/\/iomtech.com\/web\/wp-content\/uploads\/2025\/07\/Gemini_Generated_Image_xso1l0xso1l0xso1-150x150.png 150w, https:\/\/iomtech.com\/web\/wp-content\/uploads\/2025\/07\/Gemini_Generated_Image_xso1l0xso1l0xso1-768x768.png 768w, https:\/\/iomtech.com\/web\/wp-content\/uploads\/2025\/07\/Gemini_Generated_Image_xso1l0xso1l0xso1-1536x1536.png 1536w, https:\/\/iomtech.com\/web\/wp-content\/uploads\/2025\/07\/Gemini_Generated_Image_xso1l0xso1l0xso1.png 2048w\" sizes=\"(max-width: 1024px) 100vw, 1024px\" \/>\t\t\t\t\t\t\t\t\t\t\t\t\t<\/div>\n\t\t\t\t<\/div>\n\t\t\t\t<div class=\"elementor-element elementor-element-5771a98 elementor-widget elementor-widget-text-editor\" data-id=\"5771a98\" data-element_type=\"widget\" data-widget_type=\"text-editor.default\">\n\t\t\t\t<div class=\"elementor-widget-container\">\n\t\t\t\t\t\t\t<p style=\"text-align: center;\"><strong>Verkn\u00fcpfungsm\u00f6glichkeit<\/strong> <br>zu anderen Systemdatenbanken<br>\n(Beispiel: Fluchtwegterminals, Zutrittskontrolle)<\/p>\n\n\n<hr \/><br>\n<p style=\"text-align: center;\"><strong>Aufnahme von St\u00f6rungen<\/strong><br> und zugeh\u00f6rigen Reparaturanforderungen <br>direkt \u00fcber Barcode oder RFID Tags<br> an der T\u00fcr vor Ort <br>oder \u00fcber die Planverortung<\/p>\t\t\t\t\t\t<\/div>\n\t\t\t\t<\/div>\n\t\t\t\t<div class=\"elementor-element elementor-element-bc76df4 elementor-widget elementor-widget-image\" data-id=\"bc76df4\" data-element_type=\"widget\" data-widget_type=\"image.default\">\n\t\t\t\t<div class=\"elementor-widget-container\">\n\t\t\t\t\t\t\t\t\t\t\t\t\t<img loading=\"lazy\" decoding=\"async\" width=\"1024\" height=\"1024\" src=\"https:\/\/iomtech.com\/web\/wp-content\/uploads\/2025\/07\/Beschlag.jpg\" class=\"attachment-large size-large wp-image-3808\" alt=\"\" srcset=\"https:\/\/iomtech.com\/web\/wp-content\/uploads\/2025\/07\/Beschlag.jpg 1024w, https:\/\/iomtech.com\/web\/wp-content\/uploads\/2025\/07\/Beschlag-300x300.jpg 300w, https:\/\/iomtech.com\/web\/wp-content\/uploads\/2025\/07\/Beschlag-150x150.jpg 150w, https:\/\/iomtech.com\/web\/wp-content\/uploads\/2025\/07\/Beschlag-768x768.jpg 768w\" sizes=\"(max-width: 1024px) 100vw, 1024px\" \/>\t\t\t\t\t\t\t\t\t\t\t\t\t<\/div>\n\t\t\t\t<\/div>\n\t\t\t\t<div class=\"elementor-element elementor-element-fed8dcc elementor-widget elementor-widget-text-editor\" data-id=\"fed8dcc\" data-element_type=\"widget\" data-widget_type=\"text-editor.default\">\n\t\t\t\t<div class=\"elementor-widget-container\">\n\t\t\t\t\t\t\t<p style=\"text-align: center;\"><strong>Automatische Abforderung<\/strong><br> Service oder Reparaturma\u00dfnahme <br>bei Rahmenvertragspartner<\/p>\n\n\n<hr \/><br>\n<p style=\"text-align: center;\">\u00a0Online-<strong>Reparaturdokumentation<\/strong> <br>des Rahmenvertragspartners<\/p>\t\t\t\t\t\t<\/div>\n\t\t\t\t<\/div>\n\t\t\t\t<div class=\"elementor-element elementor-element-4a959aa elementor-widget elementor-widget-image\" data-id=\"4a959aa\" data-element_type=\"widget\" data-widget_type=\"image.default\">\n\t\t\t\t<div class=\"elementor-widget-container\">\n\t\t\t\t\t\t\t\t\t\t\t\t\t<img loading=\"lazy\" decoding=\"async\" width=\"1024\" height=\"1024\" src=\"https:\/\/iomtech.com\/web\/wp-content\/uploads\/2025\/07\/scharnier.jpg\" class=\"attachment-large size-large wp-image-3812\" alt=\"\" srcset=\"https:\/\/iomtech.com\/web\/wp-content\/uploads\/2025\/07\/scharnier.jpg 1024w, https:\/\/iomtech.com\/web\/wp-content\/uploads\/2025\/07\/scharnier-300x300.jpg 300w, https:\/\/iomtech.com\/web\/wp-content\/uploads\/2025\/07\/scharnier-150x150.jpg 150w, https:\/\/iomtech.com\/web\/wp-content\/uploads\/2025\/07\/scharnier-768x768.jpg 768w\" sizes=\"(max-width: 1024px) 100vw, 1024px\" \/>\t\t\t\t\t\t\t\t\t\t\t\t\t<\/div>\n\t\t\t\t<\/div>\n\t\t\t\t<div class=\"elementor-element elementor-element-f8ea5c4 elementor-widget elementor-widget-text-editor\" data-id=\"f8ea5c4\" data-element_type=\"widget\" data-widget_type=\"text-editor.default\">\n\t\t\t\t<div class=\"elementor-widget-container\">\n\t\t\t\t\t\t\t<p style=\"text-align: center;\">\u00a0Online-<strong>Servicedokumentation<\/strong> <br>des Rahmenvertragspartners<\/p>\n\n\n<hr \/><br>\n<p style=\"text-align: center;\">Dynamisierung des <strong>Status<\/strong> <br>zu jeder T\u00fcr <br>(i.O. St\u00f6rung, Service notwendig, Service \u00fcberschritten)<br> im Plan und als \u00dcbersicht<\/p>\t\t\t\t\t\t<\/div>\n\t\t\t\t<\/div>\n\t\t\t\t<div class=\"elementor-element elementor-element-669e70b elementor-widget elementor-widget-image\" data-id=\"669e70b\" data-element_type=\"widget\" data-widget_type=\"image.default\">\n\t\t\t\t<div class=\"elementor-widget-container\">\n\t\t\t\t\t\t\t\t\t\t\t\t\t<img loading=\"lazy\" decoding=\"async\" width=\"512\" height=\"512\" src=\"https:\/\/iomtech.com\/web\/wp-content\/uploads\/2025\/07\/zugang1.jpg\" class=\"attachment-large size-large wp-image-3814\" alt=\"\" srcset=\"https:\/\/iomtech.com\/web\/wp-content\/uploads\/2025\/07\/zugang1.jpg 512w, https:\/\/iomtech.com\/web\/wp-content\/uploads\/2025\/07\/zugang1-300x300.jpg 300w, https:\/\/iomtech.com\/web\/wp-content\/uploads\/2025\/07\/zugang1-150x150.jpg 150w\" sizes=\"(max-width: 512px) 100vw, 512px\" \/>\t\t\t\t\t\t\t\t\t\t\t\t\t<\/div>\n\t\t\t\t<\/div>\n\t\t\t\t\t<\/div>\n\t\t\t\t<\/div>\n\t\t\t\t<\/div>\n\t\t","protected":false},"excerpt":{"rendered":"<p>Das MIQ.Tor T\u00fcrenmanagement Erfassung aller relevanten Daten der verbauten\u00a0\u00a0T\u00fcren mit allen Systemkomponenten\u00a0(T\u00fcrendatenbank) Hinterlegung aller Systemdokumente und Wartungsanweisungen zu den jeweiligen [&hellip;]<\/p>\n","protected":false},"author":1,"featured_media":0,"parent":0,"menu_order":0,"comment_status":"closed","ping_status":"closed","template":"","meta":{"site-sidebar-layout":"no-sidebar","site-content-layout":"","ast-site-content-layout":"full-width-container","site-content-style":"default","site-sidebar-style":"default","ast-global-header-display":"","ast-banner-title-visibility":"","ast-main-header-display":"","ast-hfb-above-header-display":"","ast-hfb-below-header-display":"","ast-hfb-mobile-header-display":"","site-post-title":"disabled","ast-breadcrumbs-content":"","ast-featured-img":"disabled","footer-sml-layout":"","theme-transparent-header-meta":"","adv-header-id-meta":"","stick-header-meta":"","header-above-stick-meta":"","header-main-stick-meta":"","header-below-stick-meta":"","astra-migrate-meta-layouts":"default","ast-page-background-enabled":"default","ast-page-background-meta":{"desktop":{"background-color":"var(--ast-global-color-4)","background-image":"","background-repeat":"repeat","background-position":"center center","background-size":"auto","background-attachment":"scroll","background-type":"","background-media":"","overlay-type":"","overlay-color":"","overlay-opacity":"","overlay-gradient":""},"tablet":{"background-color":"","background-image":"","background-repeat":"repeat","background-position":"center center","background-size":"auto","background-attachment":"scroll","background-type":"","background-media":"","overlay-type":"","overlay-color":"","overlay-opacity":"","overlay-gradient":""},"mobile":{"background-color":"","background-image":"","background-repeat":"repeat","background-position":"center center","background-size":"auto","background-attachment":"scroll","background-type":"","background-media":"","overlay-type":"","overlay-color":"","overlay-opacity":"","overlay-gradient":""}},"ast-content-background-meta":{"desktop":{"background-color":"var(--ast-global-color-5)","background-image":"","background-repeat":"repeat","background-position":"center center","background-size":"auto","background-attachment":"scroll","background-type":"","background-media":"","overlay-type":"","overlay-color":"","overlay-opacity":"","overlay-gradient":""},"tablet":{"background-color":"var(--ast-global-color-5)","background-image":"","background-repeat":"repeat","background-position":"center center","background-size":"auto","background-attachment":"scroll","background-type":"","background-media":"","overlay-type":"","overlay-color":"","overlay-opacity":"","overlay-gradient":""},"mobile":{"background-color":"var(--ast-global-color-5)","background-image":"","background-repeat":"repeat","background-position":"center center","background-size":"auto","background-attachment":"scroll","background-type":"","background-media":"","overlay-type":"","overlay-color":"","overlay-opacity":"","overlay-gradient":""}},"footnotes":""},"class_list":["post-3737","page","type-page","status-publish","hentry"],"_links":{"self":[{"href":"https:\/\/iomtech.com\/web\/wp-json\/wp\/v2\/pages\/3737","targetHints":{"allow":["GET"]}}],"collection":[{"href":"https:\/\/iomtech.com\/web\/wp-json\/wp\/v2\/pages"}],"about":[{"href":"https:\/\/iomtech.com\/web\/wp-json\/wp\/v2\/types\/page"}],"author":[{"embeddable":true,"href":"https:\/\/iomtech.com\/web\/wp-json\/wp\/v2\/users\/1"}],"replies":[{"embeddable":true,"href":"https:\/\/iomtech.com\/web\/wp-json\/wp\/v2\/comments?post=3737"}],"version-history":[{"count":80,"href":"https:\/\/iomtech.com\/web\/wp-json\/wp\/v2\/pages\/3737\/revisions"}],"predecessor-version":[{"id":3841,"href":"https:\/\/iomtech.com\/web\/wp-json\/wp\/v2\/pages\/3737\/revisions\/3841"}],"wp:attachment":[{"href":"https:\/\/iomtech.com\/web\/wp-json\/wp\/v2\/media?parent=3737"}],"curies":[{"name":"wp","href":"https:\/\/api.w.org\/{rel}","templated":true}]}}