{"id":483,"date":"2024-03-06T11:39:40","date_gmt":"2024-03-06T10:39:40","guid":{"rendered":"http:\/\/miq-systems.de\/?page_id=483"},"modified":"2025-06-10T10:18:19","modified_gmt":"2025-06-10T08:18:19","slug":"adac-zentrale-muenchen","status":"publish","type":"page","link":"https:\/\/iomtech.com\/web\/adac-zentrale-muenchen\/","title":{"rendered":"ADAC Zentrale M\u00fcnchen"},"content":{"rendered":"\t\t<div data-elementor-type=\"wp-page\" data-elementor-id=\"483\" class=\"elementor elementor-483\">\n\t\t\t\t\t\t<section class=\"elementor-section elementor-top-section elementor-element elementor-element-1292323 elementor-section-boxed elementor-section-height-default elementor-section-height-default\" data-id=\"1292323\" data-element_type=\"section\">\n\t\t\t\t\t\t<div class=\"elementor-container elementor-column-gap-default\">\n\t\t\t\t\t<div class=\"elementor-column elementor-col-50 elementor-top-column elementor-element elementor-element-bcada3d\" data-id=\"bcada3d\" data-element_type=\"column\">\n\t\t\t<div class=\"elementor-widget-wrap elementor-element-populated\">\n\t\t\t\t\t\t<div class=\"elementor-element elementor-element-09365fd elementor-widget elementor-widget-image\" data-id=\"09365fd\" data-element_type=\"widget\" data-widget_type=\"image.default\">\n\t\t\t\t<div class=\"elementor-widget-container\">\n\t\t\t\t\t\t\t\t\t\t\t\t\t<img decoding=\"async\" width=\"181\" height=\"183\" src=\"https:\/\/iomtech.com\/web\/wp-content\/uploads\/2024\/03\/adac22.png\" class=\"attachment-large size-large wp-image-484\" alt=\"\" \/>\t\t\t\t\t\t\t\t\t\t\t\t\t<\/div>\n\t\t\t\t<\/div>\n\t\t\t\t\t<\/div>\n\t\t<\/div>\n\t\t\t\t<div class=\"elementor-column elementor-col-50 elementor-top-column elementor-element elementor-element-95894c5\" data-id=\"95894c5\" data-element_type=\"column\">\n\t\t\t<div class=\"elementor-widget-wrap elementor-element-populated\">\n\t\t\t\t\t\t<div class=\"elementor-element elementor-element-43beab4 elementor-widget elementor-widget-image\" data-id=\"43beab4\" data-element_type=\"widget\" data-widget_type=\"image.default\">\n\t\t\t\t<div class=\"elementor-widget-container\">\n\t\t\t\t\t\t\t\t\t\t\t\t\t<img fetchpriority=\"high\" decoding=\"async\" width=\"1024\" height=\"576\" src=\"https:\/\/iomtech.com\/web\/wp-content\/uploads\/2024\/03\/pexels-pixabay-210598-1.jpg\" class=\"attachment-large size-large wp-image-485\" alt=\"\" \/>\t\t\t\t\t\t\t\t\t\t\t\t\t<\/div>\n\t\t\t\t<\/div>\n\t\t\t\t\t<\/div>\n\t\t<\/div>\n\t\t\t\t\t<\/div>\n\t\t<\/section>\n\t\t\t\t<section class=\"elementor-section elementor-top-section elementor-element elementor-element-60a37b0 elementor-section-boxed elementor-section-height-default elementor-section-height-default\" data-id=\"60a37b0\" data-element_type=\"section\">\n\t\t\t\t\t\t<div class=\"elementor-container elementor-column-gap-default\">\n\t\t\t\t\t<div class=\"elementor-column elementor-col-100 elementor-top-column elementor-element elementor-element-99219c5\" data-id=\"99219c5\" data-element_type=\"column\">\n\t\t\t<div class=\"elementor-widget-wrap elementor-element-populated\">\n\t\t\t\t\t\t<div class=\"elementor-element elementor-element-45abb96 elementor-widget elementor-widget-heading\" data-id=\"45abb96\" data-element_type=\"widget\" data-widget_type=\"heading.default\">\n\t\t\t\t<div class=\"elementor-widget-container\">\n\t\t\t<h3 class=\"elementor-heading-title elementor-size-default\">Neubau ADAC Zentrale M\u00fcnchen<\/h3>\t\t<\/div>\n\t\t\t\t<\/div>\n\t\t\t\t\t<\/div>\n\t\t<\/div>\n\t\t\t\t\t<\/div>\n\t\t<\/section>\n\t\t\t\t<section class=\"elementor-section elementor-top-section elementor-element elementor-element-89db4b8 elementor-section-boxed elementor-section-height-default elementor-section-height-default\" data-id=\"89db4b8\" data-element_type=\"section\">\n\t\t\t\t\t\t<div class=\"elementor-container elementor-column-gap-default\">\n\t\t\t\t\t<div class=\"elementor-column elementor-col-100 elementor-top-column elementor-element elementor-element-c36d701\" data-id=\"c36d701\" data-element_type=\"column\">\n\t\t\t<div class=\"elementor-widget-wrap elementor-element-populated\">\n\t\t\t\t\t\t<div class=\"elementor-element elementor-element-13d262f elementor-widget elementor-widget-text-editor\" data-id=\"13d262f\" data-element_type=\"widget\" data-widget_type=\"text-editor.default\">\n\t\t\t\t<div class=\"elementor-widget-container\">\n\t\t\t\t\t\t\t<blockquote>\n<p>Die Zentrale des ADAC bildet einen Blickfang im M\u00fcnchner Westen. Bekannt als \u201eStern von Sendling\u201c z\u00e4hlt das au\u00dfergew\u00f6hnliche von Sauerbruch Architekten entworfene und vom ADAC zusammen mit Z\u00fcblin im Teamkonzept errichtete Geb\u00e4ude zu den auch heute noch technisch innovativsten Europas und den h\u00f6chsten M\u00fcnchens. Das 23 St\u00f6ckige Geb\u00e4ude mit 3 Tiefgeschossen wurde 2012 nach sechsj\u00e4hriger Bauzeit eingeweiht.<\/p>\n<\/blockquote>\t\t\t\t\t\t<\/div>\n\t\t\t\t<\/div>\n\t\t\t\t\t<\/div>\n\t\t<\/div>\n\t\t\t\t\t<\/div>\n\t\t<\/section>\n\t\t\t\t<section class=\"elementor-section elementor-top-section elementor-element elementor-element-25e4c2c elementor-section-boxed elementor-section-height-default elementor-section-height-default\" data-id=\"25e4c2c\" data-element_type=\"section\">\n\t\t\t\t\t\t<div class=\"elementor-container elementor-column-gap-default\">\n\t\t\t\t\t<div class=\"elementor-column elementor-col-100 elementor-top-column elementor-element elementor-element-fa1473e\" data-id=\"fa1473e\" data-element_type=\"column\">\n\t\t\t<div class=\"elementor-widget-wrap elementor-element-populated\">\n\t\t\t\t\t\t<div class=\"elementor-element elementor-element-94bc425 elementor-widget elementor-widget-text-editor\" data-id=\"94bc425\" data-element_type=\"widget\" data-widget_type=\"text-editor.default\">\n\t\t\t\t<div class=\"elementor-widget-container\">\n\t\t\t\t\t\t\t<p>Die IOMTech GmbH hat ma\u00dfgeblich zum Brandschutz des Neubau der ADAC-Zentrale in M\u00fcnchen beigetragen und\u00a0diesen im Auftrag der Z\u00fcblin AG \u00fcber das <span style=\"color: #ec0505;\"><strong>MIQ-BTB Brandschutztagebuch\u00ae<\/strong><\/span> nachhaltig dokumentiert. In dem Geb\u00e4ude wurden erstmalig am Bau alle Rohr und Leitungsschotte mittels Barcode und RFID-Technologie gekennzeichnet und in der Datenbank mit \u00f6rtlicher Zuordnung dokumentiert.<\/p>\n<p>Durch die IOMTech GmbH wurde weiterhin zusammen mit dem ADAC die gesamte Geb\u00e4udeleittechnik und die IT-Infrastruktur entwickelt und zusammen mit Z\u00fcblin umgesetzt. Mit mehr als 1000 dezentral installierten intelligenten Automationssystemen der Fa. Wago und weiterer Anbieter f\u00fcr die klassische RLT und Klimatechnik, wie aber auch f\u00fcr Einzelraum- und Beleuchtungsregelung, Sonnenschutz, Betonkernaktivierung, WRG-Systeme, Solar, Geothermie sowie einer umfassenden Sicherheitstechnik inkl. Video\u00fcberwachung und Parkleitsystem wurde das Geb\u00e4ude ganzheitlich auf einen der h\u00f6chsten Automatisierungs- und \u00dcberwachungsstandards f\u00fcr technische Anlagen Europas gehoben. Die erfolgreiche\u00a0Migration verschiedenster Bus-Standards (Modbus, Bacnet, LON, KNX, DALI, MPEG) in einem gemeinsamen SCADA GLT-System und einer Sicherheitsleitwarte wurde \u00fcber GBit Ethernet verwirklicht.<\/p>\n<p>Die Geb\u00e4udeplanung fand zudem Eingang in das durch die TU-Dresden, Prof. Dr. H. Scherer imitierte BIM-Forschungsprojekt Mephisto, zu dem die IOMTech GmbH ebenfalls Fachbeitr\u00e4ge beigesteuert hat.<\/p>\t\t\t\t\t\t<\/div>\n\t\t\t\t<\/div>\n\t\t\t\t\t<\/div>\n\t\t<\/div>\n\t\t\t\t\t<\/div>\n\t\t<\/section>\n\t\t\t\t<section class=\"elementor-section elementor-top-section elementor-element elementor-element-a38f07d elementor-section-boxed elementor-section-height-default elementor-section-height-default\" data-id=\"a38f07d\" data-element_type=\"section\">\n\t\t\t\t\t\t<div class=\"elementor-container elementor-column-gap-default\">\n\t\t\t\t\t<div class=\"elementor-column elementor-col-100 elementor-top-column elementor-element elementor-element-0f3b7a4\" data-id=\"0f3b7a4\" data-element_type=\"column\">\n\t\t\t<div class=\"elementor-widget-wrap elementor-element-populated\">\n\t\t\t\t\t\t<div class=\"elementor-element elementor-element-daeef1a elementor-widget elementor-widget-button\" data-id=\"daeef1a\" data-element_type=\"widget\" data-widget_type=\"button.default\">\n\t\t\t\t<div class=\"elementor-widget-container\">\n\t\t\t\t\t\t\t<div class=\"elementor-button-wrapper\">\n\t\t\t\t\t<a class=\"elementor-button elementor-button-link elementor-size-sm\" href=\"https:\/\/iomtech.com\/web\/case-studies\/\">\n\t\t\t\t\t\t<span class=\"elementor-button-content-wrapper\">\n\t\t\t\t\t\t\t\t\t<span class=\"elementor-button-text\">zur\u00fcck zu den Case Studies<\/span>\n\t\t\t\t\t<\/span>\n\t\t\t\t\t<\/a>\n\t\t\t\t<\/div>\n\t\t\t\t\t\t<\/div>\n\t\t\t\t<\/div>\n\t\t\t\t\t<\/div>\n\t\t<\/div>\n\t\t\t\t\t<\/div>\n\t\t<\/section>\n\t\t\t\t<\/div>\n\t\t","protected":false},"excerpt":{"rendered":"<p>Neubau ADAC Zentrale M\u00fcnchen Die Zentrale des ADAC bildet einen Blickfang im M\u00fcnchner Westen. Bekannt als \u201eStern von Sendling\u201c z\u00e4hlt [&hellip;]<\/p>\n","protected":false},"author":1,"featured_media":0,"parent":0,"menu_order":0,"comment_status":"closed","ping_status":"closed","template":"","meta":{"site-sidebar-layout":"default","site-content-layout":"","ast-site-content-layout":"","site-content-style":"default","site-sidebar-style":"default","ast-global-header-display":"","ast-banner-title-visibility":"","ast-main-header-display":"","ast-hfb-above-header-display":"","ast-hfb-below-header-display":"","ast-hfb-mobile-header-display":"","site-post-title":"","ast-breadcrumbs-content":"","ast-featured-img":"","footer-sml-layout":"","theme-transparent-header-meta":"","adv-header-id-meta":"","stick-header-meta":"","header-above-stick-meta":"","header-main-stick-meta":"","header-below-stick-meta":"","astra-migrate-meta-layouts":"default","ast-page-background-enabled":"default","ast-page-background-meta":{"desktop":{"background-color":"var(--ast-global-color-4)","background-image":"","background-repeat":"repeat","background-position":"center center","background-size":"auto","background-attachment":"scroll","background-type":"","background-media":"","overlay-type":"","overlay-color":"","overlay-opacity":"","overlay-gradient":""},"tablet":{"background-color":"","background-image":"","background-repeat":"repeat","background-position":"center center","background-size":"auto","background-attachment":"scroll","background-type":"","background-media":"","overlay-type":"","overlay-color":"","overlay-opacity":"","overlay-gradient":""},"mobile":{"background-color":"","background-image":"","background-repeat":"repeat","background-position":"center center","background-size":"auto","background-attachment":"scroll","background-type":"","background-media":"","overlay-type":"","overlay-color":"","overlay-opacity":"","overlay-gradient":""}},"ast-content-background-meta":{"desktop":{"background-color":"var(--ast-global-color-5)","background-image":"","background-repeat":"repeat","background-position":"center center","background-size":"auto","background-attachment":"scroll","background-type":"","background-media":"","overlay-type":"","overlay-color":"","overlay-opacity":"","overlay-gradient":""},"tablet":{"background-color":"var(--ast-global-color-5)","background-image":"","background-repeat":"repeat","background-position":"center center","background-size":"auto","background-attachment":"scroll","background-type":"","background-media":"","overlay-type":"","overlay-color":"","overlay-opacity":"","overlay-gradient":""},"mobile":{"background-color":"var(--ast-global-color-5)","background-image":"","background-repeat":"repeat","background-position":"center center","background-size":"auto","background-attachment":"scroll","background-type":"","background-media":"","overlay-type":"","overlay-color":"","overlay-opacity":"","overlay-gradient":""}},"footnotes":""},"class_list":["post-483","page","type-page","status-publish","hentry"],"_links":{"self":[{"href":"https:\/\/iomtech.com\/web\/wp-json\/wp\/v2\/pages\/483","targetHints":{"allow":["GET"]}}],"collection":[{"href":"https:\/\/iomtech.com\/web\/wp-json\/wp\/v2\/pages"}],"about":[{"href":"https:\/\/iomtech.com\/web\/wp-json\/wp\/v2\/types\/page"}],"author":[{"embeddable":true,"href":"https:\/\/iomtech.com\/web\/wp-json\/wp\/v2\/users\/1"}],"replies":[{"embeddable":true,"href":"https:\/\/iomtech.com\/web\/wp-json\/wp\/v2\/comments?post=483"}],"version-history":[{"count":11,"href":"https:\/\/iomtech.com\/web\/wp-json\/wp\/v2\/pages\/483\/revisions"}],"predecessor-version":[{"id":3722,"href":"https:\/\/iomtech.com\/web\/wp-json\/wp\/v2\/pages\/483\/revisions\/3722"}],"wp:attachment":[{"href":"https:\/\/iomtech.com\/web\/wp-json\/wp\/v2\/media?parent=483"}],"curies":[{"name":"wp","href":"https:\/\/api.w.org\/{rel}","templated":true}]}}