{"id":494,"date":"2024-03-06T11:52:13","date_gmt":"2024-03-06T10:52:13","guid":{"rendered":"http:\/\/miq-systems.de\/?page_id=494"},"modified":"2025-06-10T10:19:47","modified_gmt":"2025-06-10T08:19:47","slug":"flughafen-berlin-brandenburg","status":"publish","type":"page","link":"https:\/\/iomtech.com\/web\/flughafen-berlin-brandenburg\/","title":{"rendered":"Flughafen Berlin Brandenburg"},"content":{"rendered":"\t\t<div data-elementor-type=\"wp-page\" data-elementor-id=\"494\" class=\"elementor elementor-494\">\n\t\t\t\t\t\t<section class=\"elementor-section elementor-top-section elementor-element elementor-element-22f15c1 elementor-section-boxed elementor-section-height-default elementor-section-height-default\" data-id=\"22f15c1\" data-element_type=\"section\">\n\t\t\t\t\t\t<div class=\"elementor-container elementor-column-gap-default\">\n\t\t\t\t\t<div class=\"elementor-column elementor-col-50 elementor-top-column elementor-element elementor-element-1f3dd71\" data-id=\"1f3dd71\" data-element_type=\"column\">\n\t\t\t<div class=\"elementor-widget-wrap elementor-element-populated\">\n\t\t\t\t\t\t<div class=\"elementor-element elementor-element-34b0cb5 elementor-widget elementor-widget-image\" data-id=\"34b0cb5\" data-element_type=\"widget\" data-widget_type=\"image.default\">\n\t\t\t\t<div class=\"elementor-widget-container\">\n\t\t\t\t\t\t\t\t\t\t\t\t\t<img fetchpriority=\"high\" decoding=\"async\" width=\"900\" height=\"181\" src=\"https:\/\/iomtech.com\/web\/wp-content\/uploads\/2024\/03\/ber-logo.png\" class=\"attachment-large size-large wp-image-495\" alt=\"\" \/>\t\t\t\t\t\t\t\t\t\t\t\t\t<\/div>\n\t\t\t\t<\/div>\n\t\t\t\t\t<\/div>\n\t\t<\/div>\n\t\t\t\t<div class=\"elementor-column elementor-col-50 elementor-top-column elementor-element elementor-element-cf3e590\" data-id=\"cf3e590\" data-element_type=\"column\">\n\t\t\t<div class=\"elementor-widget-wrap elementor-element-populated\">\n\t\t\t\t\t\t<div class=\"elementor-element elementor-element-98df0e3 elementor-hidden-mobile elementor-widget elementor-widget-image\" data-id=\"98df0e3\" data-element_type=\"widget\" data-widget_type=\"image.default\">\n\t\t\t\t<div class=\"elementor-widget-container\">\n\t\t\t\t\t\t\t\t\t\t\t\t\t<img decoding=\"async\" width=\"1024\" height=\"683\" src=\"https:\/\/iomtech.com\/web\/wp-content\/uploads\/2024\/03\/pexels-tanathip-rattanatum-2026324-1.jpg\" class=\"attachment-large size-large wp-image-496\" alt=\"\" \/>\t\t\t\t\t\t\t\t\t\t\t\t\t<\/div>\n\t\t\t\t<\/div>\n\t\t\t\t\t<\/div>\n\t\t<\/div>\n\t\t\t\t\t<\/div>\n\t\t<\/section>\n\t\t\t\t<section class=\"elementor-section elementor-top-section elementor-element elementor-element-8cd3f0e elementor-section-boxed elementor-section-height-default elementor-section-height-default\" data-id=\"8cd3f0e\" data-element_type=\"section\">\n\t\t\t\t\t\t<div class=\"elementor-container elementor-column-gap-default\">\n\t\t\t\t\t<div class=\"elementor-column elementor-col-100 elementor-top-column elementor-element elementor-element-75162bd\" data-id=\"75162bd\" data-element_type=\"column\">\n\t\t\t<div class=\"elementor-widget-wrap elementor-element-populated\">\n\t\t\t\t\t\t<div class=\"elementor-element elementor-element-672772d elementor-widget elementor-widget-heading\" data-id=\"672772d\" data-element_type=\"widget\" data-widget_type=\"heading.default\">\n\t\t\t\t<div class=\"elementor-widget-container\">\n\t\t\t<h3 class=\"elementor-heading-title elementor-size-default\">Flughafen Berlin Brandenburg BER<\/h3>\t\t<\/div>\n\t\t\t\t<\/div>\n\t\t\t\t\t<\/div>\n\t\t<\/div>\n\t\t\t\t\t<\/div>\n\t\t<\/section>\n\t\t\t\t<section class=\"elementor-section elementor-top-section elementor-element elementor-element-d2c2560 elementor-section-boxed elementor-section-height-default elementor-section-height-default\" data-id=\"d2c2560\" data-element_type=\"section\">\n\t\t\t\t\t\t<div class=\"elementor-container elementor-column-gap-default\">\n\t\t\t\t\t<div class=\"elementor-column elementor-col-100 elementor-top-column elementor-element elementor-element-37cfe47\" data-id=\"37cfe47\" data-element_type=\"column\">\n\t\t\t<div class=\"elementor-widget-wrap elementor-element-populated\">\n\t\t\t\t\t\t<div class=\"elementor-element elementor-element-a0736f5 elementor-widget elementor-widget-text-editor\" data-id=\"a0736f5\" data-element_type=\"widget\" data-widget_type=\"text-editor.default\">\n\t\t\t\t<div class=\"elementor-widget-container\">\n\t\t\t\t\t\t\t<blockquote>\n<p>Der Flughafen Berlin Brandenburg (BER) ist der gr\u00f6\u00dfte Flughafen in der deutschen Hauptstadtregion. Nach einer langen und problematischen Bauphase wurde der BER im Oktober 2020 er\u00f6ffnet, Jahre nach seiner geplanten Fertigstellung. Mit einer Gesamtfl\u00e4che von etwa 1.470 Hektar ist der BER einer der gr\u00f6\u00dften Flugh\u00e4fen Europas. Er dient als zentraler Dreh- und Angelpunkt f\u00fcr den Luftverkehr in der Region und ersetzt die beiden \u00e4lteren Flugh\u00e4fen Berlin-Sch\u00f6nefeld und Berlin-Tegel.<\/p>\n<\/blockquote>\t\t\t\t\t\t<\/div>\n\t\t\t\t<\/div>\n\t\t\t\t\t<\/div>\n\t\t<\/div>\n\t\t\t\t\t<\/div>\n\t\t<\/section>\n\t\t\t\t<section class=\"elementor-section elementor-top-section elementor-element elementor-element-183bd84 elementor-section-boxed elementor-section-height-default elementor-section-height-default\" data-id=\"183bd84\" data-element_type=\"section\">\n\t\t\t\t\t\t<div class=\"elementor-container elementor-column-gap-default\">\n\t\t\t\t\t<div class=\"elementor-column elementor-col-100 elementor-top-column elementor-element elementor-element-df4e674\" data-id=\"df4e674\" data-element_type=\"column\">\n\t\t\t<div class=\"elementor-widget-wrap elementor-element-populated\">\n\t\t\t\t\t\t<div class=\"elementor-element elementor-element-b7924b6 elementor-widget elementor-widget-text-editor\" data-id=\"b7924b6\" data-element_type=\"widget\" data-widget_type=\"text-editor.default\">\n\t\t\t\t<div class=\"elementor-widget-container\">\n\t\t\t\t\t\t\t<p>Besonders umfangreiche Projekte mit vielen Playern, wie beim Gro\u00dfbauprojekt Flughafen Berlin, lassen sich mit unserem umfassenden <span style=\"color: #ec0505;\"><strong>MIQ-Work-Flow Management System MIQ-CM\u00ae<\/strong><\/span> zielgerichtet steuern und leiten. Nach der gescheiterten Er\u00f6ffnung 2012 wurde das System im Jahre 2013 durch die damalige Gesch\u00e4ftsf\u00fchrung initiiert und stetig erweitert. Zielgerichtet unterst\u00fctzte das System die Beteiligten die angestrebte Er\u00f6ffnung des Flughafens am 31.10.2020 umzusetzen. Neben den gro\u00dfen Playern der Baubranche waren viele Baufirmen und fast 1000 Projektbeteiligte wie Objekt\u00fcberwacher, Bauherr, Projektsteuerer Teil der MIQ-Nutzer.<\/p>\n<p>Die IOMTech GmbH wurde zusammen mit dem ARGE Partner Heimann Ingenieure GmbH Ende 2012 durch die FBB mit der Durchf\u00fchrung der Nachtrags- und Rechnungspr\u00fcfung s\u00e4mtlicher Kabelgewerke f\u00fcr das Bauprojekt BER beauftragt.<\/p>\n<p>Erg\u00e4nzend wurde durch die IOMTech GmbH die durch die Objekt\u00fcberwachung durchgef\u00fchrte kontinuierliche Dokumentation der M\u00e4ngel und Restleistungen, durch zeitnahe Auswertungen (Verfolgung der Abarbeitung von M\u00e4ngeln bis zur finalen Freigabe) und Reportings \u00fcberwacht. Der Bauherr konnte darauf aufbauend seine Steuerungsma\u00dfnahmen effektiv anpassen und zielgerichtet reagieren.<\/p>\t\t\t\t\t\t<\/div>\n\t\t\t\t<\/div>\n\t\t\t\t\t<\/div>\n\t\t<\/div>\n\t\t\t\t\t<\/div>\n\t\t<\/section>\n\t\t\t\t<section class=\"elementor-section elementor-top-section elementor-element elementor-element-bbf9e18 elementor-section-boxed elementor-section-height-default elementor-section-height-default\" data-id=\"bbf9e18\" data-element_type=\"section\">\n\t\t\t\t\t\t<div class=\"elementor-container elementor-column-gap-default\">\n\t\t\t\t\t<div class=\"elementor-column elementor-col-100 elementor-top-column elementor-element elementor-element-4b19c2a\" data-id=\"4b19c2a\" data-element_type=\"column\">\n\t\t\t<div class=\"elementor-widget-wrap elementor-element-populated\">\n\t\t\t\t\t\t<div class=\"elementor-element elementor-element-fab21ff elementor-widget elementor-widget-button\" data-id=\"fab21ff\" data-element_type=\"widget\" data-widget_type=\"button.default\">\n\t\t\t\t<div class=\"elementor-widget-container\">\n\t\t\t\t\t\t\t<div class=\"elementor-button-wrapper\">\n\t\t\t\t\t<a class=\"elementor-button elementor-button-link elementor-size-sm\" href=\"https:\/\/iomtech.com\/web\/case-studies\/\">\n\t\t\t\t\t\t<span class=\"elementor-button-content-wrapper\">\n\t\t\t\t\t\t\t\t\t<span class=\"elementor-button-text\">zur\u00fcck zu den Case Studies<\/span>\n\t\t\t\t\t<\/span>\n\t\t\t\t\t<\/a>\n\t\t\t\t<\/div>\n\t\t\t\t\t\t<\/div>\n\t\t\t\t<\/div>\n\t\t\t\t\t<\/div>\n\t\t<\/div>\n\t\t\t\t\t<\/div>\n\t\t<\/section>\n\t\t\t\t<\/div>\n\t\t","protected":false},"excerpt":{"rendered":"<p>Flughafen Berlin Brandenburg BER Der Flughafen Berlin Brandenburg (BER) ist der gr\u00f6\u00dfte Flughafen in der deutschen Hauptstadtregion. Nach einer langen [&hellip;]<\/p>\n","protected":false},"author":1,"featured_media":0,"parent":0,"menu_order":0,"comment_status":"closed","ping_status":"closed","template":"","meta":{"site-sidebar-layout":"default","site-content-layout":"","ast-site-content-layout":"","site-content-style":"default","site-sidebar-style":"default","ast-global-header-display":"","ast-banner-title-visibility":"","ast-main-header-display":"","ast-hfb-above-header-display":"","ast-hfb-below-header-display":"","ast-hfb-mobile-header-display":"","site-post-title":"","ast-breadcrumbs-content":"","ast-featured-img":"","footer-sml-layout":"","theme-transparent-header-meta":"","adv-header-id-meta":"","stick-header-meta":"","header-above-stick-meta":"","header-main-stick-meta":"","header-below-stick-meta":"","astra-migrate-meta-layouts":"default","ast-page-background-enabled":"default","ast-page-background-meta":{"desktop":{"background-color":"var(--ast-global-color-4)","background-image":"","background-repeat":"repeat","background-position":"center center","background-size":"auto","background-attachment":"scroll","background-type":"","background-media":"","overlay-type":"","overlay-color":"","overlay-opacity":"","overlay-gradient":""},"tablet":{"background-color":"","background-image":"","background-repeat":"repeat","background-position":"center center","background-size":"auto","background-attachment":"scroll","background-type":"","background-media":"","overlay-type":"","overlay-color":"","overlay-opacity":"","overlay-gradient":""},"mobile":{"background-color":"","background-image":"","background-repeat":"repeat","background-position":"center center","background-size":"auto","background-attachment":"scroll","background-type":"","background-media":"","overlay-type":"","overlay-color":"","overlay-opacity":"","overlay-gradient":""}},"ast-content-background-meta":{"desktop":{"background-color":"var(--ast-global-color-5)","background-image":"","background-repeat":"repeat","background-position":"center center","background-size":"auto","background-attachment":"scroll","background-type":"","background-media":"","overlay-type":"","overlay-color":"","overlay-opacity":"","overlay-gradient":""},"tablet":{"background-color":"var(--ast-global-color-5)","background-image":"","background-repeat":"repeat","background-position":"center center","background-size":"auto","background-attachment":"scroll","background-type":"","background-media":"","overlay-type":"","overlay-color":"","overlay-opacity":"","overlay-gradient":""},"mobile":{"background-color":"var(--ast-global-color-5)","background-image":"","background-repeat":"repeat","background-position":"center center","background-size":"auto","background-attachment":"scroll","background-type":"","background-media":"","overlay-type":"","overlay-color":"","overlay-opacity":"","overlay-gradient":""}},"footnotes":""},"class_list":["post-494","page","type-page","status-publish","hentry"],"_links":{"self":[{"href":"https:\/\/iomtech.com\/web\/wp-json\/wp\/v2\/pages\/494","targetHints":{"allow":["GET"]}}],"collection":[{"href":"https:\/\/iomtech.com\/web\/wp-json\/wp\/v2\/pages"}],"about":[{"href":"https:\/\/iomtech.com\/web\/wp-json\/wp\/v2\/types\/page"}],"author":[{"embeddable":true,"href":"https:\/\/iomtech.com\/web\/wp-json\/wp\/v2\/users\/1"}],"replies":[{"embeddable":true,"href":"https:\/\/iomtech.com\/web\/wp-json\/wp\/v2\/comments?post=494"}],"version-history":[{"count":15,"href":"https:\/\/iomtech.com\/web\/wp-json\/wp\/v2\/pages\/494\/revisions"}],"predecessor-version":[{"id":3728,"href":"https:\/\/iomtech.com\/web\/wp-json\/wp\/v2\/pages\/494\/revisions\/3728"}],"wp:attachment":[{"href":"https:\/\/iomtech.com\/web\/wp-json\/wp\/v2\/media?parent=494"}],"curies":[{"name":"wp","href":"https:\/\/api.w.org\/{rel}","templated":true}]}}