{"id":506,"date":"2024-03-06T12:09:33","date_gmt":"2024-03-06T11:09:33","guid":{"rendered":"http:\/\/miq-systems.de\/?page_id=506"},"modified":"2024-12-06T12:23:38","modified_gmt":"2024-12-06T11:23:38","slug":"ingenieur-und-recht","status":"publish","type":"page","link":"https:\/\/iomtech.com\/web\/ingenieur-und-recht\/","title":{"rendered":"Ingenieur und Recht"},"content":{"rendered":"\t\t<div data-elementor-type=\"wp-page\" data-elementor-id=\"506\" class=\"elementor elementor-506\">\n\t\t\t\t<div class=\"elementor-element elementor-element-0e9d75c e-flex e-con-boxed e-con e-parent\" data-id=\"0e9d75c\" data-element_type=\"container\">\n\t\t\t\t\t<div class=\"e-con-inner\">\n\t\t\t\t<div class=\"elementor-element elementor-element-0703da1 elementor-widget elementor-widget-heading\" data-id=\"0703da1\" data-element_type=\"widget\" data-widget_type=\"heading.default\">\n\t\t\t\t<div class=\"elementor-widget-container\">\n\t\t\t<h1 class=\"elementor-heading-title elementor-size-default\">Unser Weg -<span style=\"color:#E40716\"> \n Ihr <\/span>Erfolg<\/h1>\t\t<\/div>\n\t\t\t\t<\/div>\n\t\t\t\t\t<\/div>\n\t\t\t\t<\/div>\n\t\t<div class=\"elementor-element elementor-element-169e703 e-flex e-con-boxed e-con e-parent\" data-id=\"169e703\" data-element_type=\"container\">\n\t\t\t\t\t<div class=\"e-con-inner\">\n\t\t\t\t<div class=\"elementor-element elementor-element-87ca27c elementor-widget elementor-widget-text-editor\" data-id=\"87ca27c\" data-element_type=\"widget\" data-widget_type=\"text-editor.default\">\n\t\t\t\t<div class=\"elementor-widget-container\">\n\t\t\t\t\t\t\t<p><strong>Interdisziplin\u00e4re Kooperation<\/strong> von<br \/>Ingenieuren<br \/>IT-Experten<br \/>Steuerberatern<br \/>und<br \/>Juristen <strong><br>im Baubereich<\/strong><\/p>\t\t\t\t\t\t<\/div>\n\t\t\t\t<\/div>\n\t\t\t\t\t<\/div>\n\t\t\t\t<\/div>\n\t\t<div class=\"elementor-element elementor-element-c0ac334 e-flex e-con-boxed e-con e-parent\" data-id=\"c0ac334\" data-element_type=\"container\">\n\t\t\t\t\t<div class=\"e-con-inner\">\n\t\t<div class=\"elementor-element elementor-element-56e8bff e-con-full e-flex e-con e-child\" data-id=\"56e8bff\" data-element_type=\"container\">\n\t\t\t\t<div class=\"elementor-element elementor-element-d4dea51 elementor-widget elementor-widget-heading\" data-id=\"d4dea51\" data-element_type=\"widget\" data-widget_type=\"heading.default\">\n\t\t\t\t<div class=\"elementor-widget-container\">\n\t\t\t<h2 class=\"elementor-heading-title elementor-size-default\">Was bieten wir an?<\/h2>\t\t<\/div>\n\t\t\t\t<\/div>\n\t\t\t\t<div class=\"elementor-element elementor-element-6284ae3 elementor-widget elementor-widget-text-editor\" data-id=\"6284ae3\" data-element_type=\"widget\" data-widget_type=\"text-editor.default\">\n\t\t\t\t<div class=\"elementor-widget-container\">\n\t\t\t\t\t\t\t<p style=\"text-align: left;\">Ganzheitliche und \u00fcbergeordnete B\u00fcndelung von Bau- ,Technik- \/ TGA-, IT- und Digitalisierungs-Kompetenz, zusammen mit Wissen aus dem Baugenehmigungs-, und Vergaberecht, erg\u00e4nzt durch Steuer-, Versicherungs- und Finanzexperten zur nachhaltigen Absicherung und Entscheidungsfindung des zust\u00e4ndigen Top-Level-Managements bzw. der direkt untergeordneten \u201eEntscheider\u201c.<\/p>\t\t\t\t\t\t<\/div>\n\t\t\t\t<\/div>\n\t\t\t\t<\/div>\n\t\t<div class=\"elementor-element elementor-element-9ceea01 e-con-full e-flex e-con e-child\" data-id=\"9ceea01\" data-element_type=\"container\">\n\t\t\t\t<div class=\"elementor-element elementor-element-b206537 elementor-widget elementor-widget-image\" data-id=\"b206537\" data-element_type=\"widget\" data-widget_type=\"image.default\">\n\t\t\t\t<div class=\"elementor-widget-container\">\n\t\t\t\t\t\t\t\t\t\t\t\t\t<img fetchpriority=\"high\" decoding=\"async\" width=\"500\" height=\"334\" src=\"https:\/\/iomtech.com\/web\/wp-content\/uploads\/2024\/10\/Tisch-Taschenrechner-klein.jpg\" class=\"attachment-large size-large wp-image-2395\" alt=\"\" srcset=\"https:\/\/iomtech.com\/web\/wp-content\/uploads\/2024\/10\/Tisch-Taschenrechner-klein.jpg 500w, https:\/\/iomtech.com\/web\/wp-content\/uploads\/2024\/10\/Tisch-Taschenrechner-klein-300x200.jpg 300w\" sizes=\"(max-width: 500px) 100vw, 500px\" \/>\t\t\t\t\t\t\t\t\t\t\t\t\t<\/div>\n\t\t\t\t<\/div>\n\t\t\t\t<\/div>\n\t\t\t\t\t<\/div>\n\t\t\t\t<\/div>\n\t\t<div class=\"elementor-element elementor-element-715a8b6 e-flex e-con-boxed e-con e-parent\" data-id=\"715a8b6\" data-element_type=\"container\">\n\t\t\t\t\t<div class=\"e-con-inner\">\n\t\t<div class=\"elementor-element elementor-element-c008782 e-con-full e-flex e-con e-child\" data-id=\"c008782\" data-element_type=\"container\">\n\t\t\t\t<div class=\"elementor-element elementor-element-4e05b12 elementor-widget__width-initial elementor-widget elementor-widget-image\" data-id=\"4e05b12\" data-element_type=\"widget\" data-widget_type=\"image.default\">\n\t\t\t\t<div class=\"elementor-widget-container\">\n\t\t\t\t\t\t\t\t\t\t\t\t\t<img decoding=\"async\" width=\"500\" height=\"333\" src=\"https:\/\/iomtech.com\/web\/wp-content\/uploads\/2024\/10\/Buch-Stift-klein.jpg\" class=\"attachment-full size-full wp-image-2403\" alt=\"\" srcset=\"https:\/\/iomtech.com\/web\/wp-content\/uploads\/2024\/10\/Buch-Stift-klein.jpg 500w, https:\/\/iomtech.com\/web\/wp-content\/uploads\/2024\/10\/Buch-Stift-klein-300x200.jpg 300w\" sizes=\"(max-width: 500px) 100vw, 500px\" \/>\t\t\t\t\t\t\t\t\t\t\t\t\t<\/div>\n\t\t\t\t<\/div>\n\t\t\t\t<\/div>\n\t\t<div class=\"elementor-element elementor-element-e43aa66 e-con-full e-flex e-con e-child\" data-id=\"e43aa66\" data-element_type=\"container\">\n\t\t\t\t<div class=\"elementor-element elementor-element-cc54c8b elementor-widget elementor-widget-heading\" data-id=\"cc54c8b\" data-element_type=\"widget\" data-widget_type=\"heading.default\">\n\t\t\t\t<div class=\"elementor-widget-container\">\n\t\t\t<h2 class=\"elementor-heading-title elementor-size-default\">Was ist Ihr Mehrwert?<\/h2>\t\t<\/div>\n\t\t\t\t<\/div>\n\t\t\t\t<div class=\"elementor-element elementor-element-1cc94c6 elementor-widget elementor-widget-text-editor\" data-id=\"1cc94c6\" data-element_type=\"widget\" data-widget_type=\"text-editor.default\">\n\t\t\t\t<div class=\"elementor-widget-container\">\n\t\t\t\t\t\t\t<ul>\n<li>Haftungsverringerung des zust\u00e4ndigen Top-Level-Managements durch konsequentes und externes \u201evier Augen-Prinzip\u201c<\/li>\n<li>Transparentes Bau- und Kostenmonitoring<\/li>\n<li>Nachhaltige Bereichs- und Unternehmensdigitalisierung mit Ausschaltung konkurrierender und Einbindung \u00fcbergreifender Prozesse<\/li>\n<li>Identifizierung sch\u00e4dlicher Prozesse und Gegensteuerungsempfehlungen bei erkannten St\u00f6rungen<\/li>\n<li>Hohe Kosten- und Terminsicherheit im gesamten Live Cycle<\/li>\n<li>Nachhaltige Korruptionsbek\u00e4mpfung \/ Korruptionsfr\u00fcherkennung<\/li>\n<\/ul>\t\t\t\t\t\t<\/div>\n\t\t\t\t<\/div>\n\t\t\t\t<\/div>\n\t\t\t\t\t<\/div>\n\t\t\t\t<\/div>\n\t\t\t\t<\/div>\n\t\t","protected":false},"excerpt":{"rendered":"<p>Unser Weg &#8211; Ihr Erfolg Interdisziplin\u00e4re Kooperation vonIngenieurenIT-ExpertenSteuerberaternundJuristen im Baubereich Was bieten wir an? Ganzheitliche und \u00fcbergeordnete B\u00fcndelung von Bau- [&hellip;]<\/p>\n","protected":false},"author":1,"featured_media":0,"parent":0,"menu_order":0,"comment_status":"closed","ping_status":"closed","template":"","meta":{"site-sidebar-layout":"default","site-content-layout":"","ast-site-content-layout":"","site-content-style":"default","site-sidebar-style":"default","ast-global-header-display":"","ast-banner-title-visibility":"","ast-main-header-display":"","ast-hfb-above-header-display":"","ast-hfb-below-header-display":"","ast-hfb-mobile-header-display":"","site-post-title":"","ast-breadcrumbs-content":"","ast-featured-img":"","footer-sml-layout":"","theme-transparent-header-meta":"","adv-header-id-meta":"","stick-header-meta":"","header-above-stick-meta":"","header-main-stick-meta":"","header-below-stick-meta":"","astra-migrate-meta-layouts":"default","ast-page-background-enabled":"default","ast-page-background-meta":{"desktop":{"background-color":"var(--ast-global-color-4)","background-image":"","background-repeat":"repeat","background-position":"center center","background-size":"auto","background-attachment":"scroll","background-type":"","background-media":"","overlay-type":"","overlay-color":"","overlay-opacity":"","overlay-gradient":""},"tablet":{"background-color":"","background-image":"","background-repeat":"repeat","background-position":"center center","background-size":"auto","background-attachment":"scroll","background-type":"","background-media":"","overlay-type":"","overlay-color":"","overlay-opacity":"","overlay-gradient":""},"mobile":{"background-color":"","background-image":"","background-repeat":"repeat","background-position":"center center","background-size":"auto","background-attachment":"scroll","background-type":"","background-media":"","overlay-type":"","overlay-color":"","overlay-opacity":"","overlay-gradient":""}},"ast-content-background-meta":{"desktop":{"background-color":"var(--ast-global-color-5)","background-image":"","background-repeat":"repeat","background-position":"center center","background-size":"auto","background-attachment":"scroll","background-type":"","background-media":"","overlay-type":"","overlay-color":"","overlay-opacity":"","overlay-gradient":""},"tablet":{"background-color":"var(--ast-global-color-5)","background-image":"","background-repeat":"repeat","background-position":"center center","background-size":"auto","background-attachment":"scroll","background-type":"","background-media":"","overlay-type":"","overlay-color":"","overlay-opacity":"","overlay-gradient":""},"mobile":{"background-color":"var(--ast-global-color-5)","background-image":"","background-repeat":"repeat","background-position":"center center","background-size":"auto","background-attachment":"scroll","background-type":"","background-media":"","overlay-type":"","overlay-color":"","overlay-opacity":"","overlay-gradient":""}},"footnotes":""},"class_list":["post-506","page","type-page","status-publish","hentry"],"_links":{"self":[{"href":"https:\/\/iomtech.com\/web\/wp-json\/wp\/v2\/pages\/506","targetHints":{"allow":["GET"]}}],"collection":[{"href":"https:\/\/iomtech.com\/web\/wp-json\/wp\/v2\/pages"}],"about":[{"href":"https:\/\/iomtech.com\/web\/wp-json\/wp\/v2\/types\/page"}],"author":[{"embeddable":true,"href":"https:\/\/iomtech.com\/web\/wp-json\/wp\/v2\/users\/1"}],"replies":[{"embeddable":true,"href":"https:\/\/iomtech.com\/web\/wp-json\/wp\/v2\/comments?post=506"}],"version-history":[{"count":49,"href":"https:\/\/iomtech.com\/web\/wp-json\/wp\/v2\/pages\/506\/revisions"}],"predecessor-version":[{"id":3124,"href":"https:\/\/iomtech.com\/web\/wp-json\/wp\/v2\/pages\/506\/revisions\/3124"}],"wp:attachment":[{"href":"https:\/\/iomtech.com\/web\/wp-json\/wp\/v2\/media?parent=506"}],"curies":[{"name":"wp","href":"https:\/\/api.w.org\/{rel}","templated":true}]}}