{"id":513,"date":"2024-03-06T16:43:45","date_gmt":"2024-03-06T15:43:45","guid":{"rendered":"http:\/\/miq-systems.de\/?page_id=513"},"modified":"2024-11-07T18:07:10","modified_gmt":"2024-11-07T17:07:10","slug":"datenmanagement","status":"publish","type":"page","link":"https:\/\/iomtech.com\/web\/datenmanagement\/","title":{"rendered":"Datenmanagement"},"content":{"rendered":"\t\t<div data-elementor-type=\"wp-page\" data-elementor-id=\"513\" class=\"elementor elementor-513\">\n\t\t\t\t<div class=\"elementor-element elementor-element-e07b73d e-flex e-con-boxed e-con e-parent\" data-id=\"e07b73d\" data-element_type=\"container\">\n\t\t\t\t\t<div class=\"e-con-inner\">\n\t\t<div class=\"elementor-element elementor-element-6e83f92 e-con-full e-flex e-con e-child\" data-id=\"6e83f92\" data-element_type=\"container\">\n\t\t\t\t<div class=\"elementor-element elementor-element-ef4f60e elementor-widget elementor-widget-heading\" data-id=\"ef4f60e\" data-element_type=\"widget\" data-widget_type=\"heading.default\">\n\t\t\t\t<div class=\"elementor-widget-container\">\n\t\t\t<h2 class=\"elementor-heading-title elementor-size-default\">Datenmanagement<\/h2>\t\t<\/div>\n\t\t\t\t<\/div>\n\t\t\t\t<div class=\"elementor-element elementor-element-150dc50 elementor-widget elementor-widget-text-editor\" data-id=\"150dc50\" data-element_type=\"widget\" data-widget_type=\"text-editor.default\">\n\t\t\t\t<div class=\"elementor-widget-container\">\n\t\t\t\t\t\t\t<p>Viele Unternehmen speichern im Laufe der Zeit vielfache, nahezu unz\u00e4hlbare und kaum kategorisierbare Daten. Die Werthaltigkeit und der Nutzen dieser Daten zur Auswertung und Analyse ist jedoch weitgehend unbekannt.<\/p>\n<p>Nicht selten gehen mit Daten aus unstrukturierten Datenbest\u00e4nden Sicherheitsrisiken, Compliance-Verst\u00f6\u00dfe oder gar Verletzungen der eigenen Sicherheitsvorschriften einher, weil sich z.B. der gesetzliche Status einer Daten-Art ge\u00e4ndert hat und diese Daten somit nicht nur einen versteckten Schatz darstellen, sondern auch als tickende Zeitbombe in den Archiven lauern.<\/p>\t\t\t\t\t\t<\/div>\n\t\t\t\t<\/div>\n\t\t\t\t<div class=\"elementor-element elementor-element-73ddd60 elementor-widget elementor-widget-image\" data-id=\"73ddd60\" data-element_type=\"widget\" data-widget_type=\"image.default\">\n\t\t\t\t<div class=\"elementor-widget-container\">\n\t\t\t\t\t\t\t\t\t\t\t\t\t<img decoding=\"async\" src=\"https:\/\/iomtech.com\/web\/wp-content\/uploads\/elementor\/thumbs\/Schatztruhe-1-qwpjo0m5kwqtr81gt46zfpmgnnncmkaxovytallcn0.png\" title=\"Schatztruhe\" alt=\"Schatztruhe\" loading=\"lazy\" \/>\t\t\t\t\t\t\t\t\t\t\t\t\t<\/div>\n\t\t\t\t<\/div>\n\t\t\t\t<div class=\"elementor-element elementor-element-706b68b elementor-widget elementor-widget-text-editor\" data-id=\"706b68b\" data-element_type=\"widget\" data-widget_type=\"text-editor.default\">\n\t\t\t\t<div class=\"elementor-widget-container\">\n\t\t\t\t\t\t\t<p>Diesen Schatz zu heben bzw. die \u201eBombe\u201c zu entsch\u00e4rfen, ist eine Kernkompetenz unseres Teams.<\/p>\t\t\t\t\t\t<\/div>\n\t\t\t\t<\/div>\n\t\t\t\t<\/div>\n\t\t<div class=\"elementor-element elementor-element-4392759 e-con-full e-flex e-con e-child\" data-id=\"4392759\" data-element_type=\"container\">\n\t\t\t\t<div class=\"elementor-element elementor-element-91b4df4 elementor-widget elementor-widget-image\" data-id=\"91b4df4\" data-element_type=\"widget\" data-widget_type=\"image.default\">\n\t\t\t\t<div class=\"elementor-widget-container\">\n\t\t\t\t\t\t\t\t\t\t\t\t\t<img fetchpriority=\"high\" decoding=\"async\" width=\"704\" height=\"580\" src=\"https:\/\/iomtech.com\/web\/wp-content\/uploads\/2024\/03\/3-1.jpg\" class=\"attachment-full size-full wp-image-939\" alt=\"\" \/>\t\t\t\t\t\t\t\t\t\t\t\t\t<\/div>\n\t\t\t\t<\/div>\n\t\t\t\t<\/div>\n\t\t\t\t\t<\/div>\n\t\t\t\t<\/div>\n\t\t<div class=\"elementor-element elementor-element-630888c e-grid e-con-boxed e-con e-parent\" data-id=\"630888c\" data-element_type=\"container\">\n\t\t\t\t\t<div class=\"e-con-inner\">\n\t\t<div class=\"elementor-element elementor-element-5ffdc7f e-grid e-con-full e-con e-child\" data-id=\"5ffdc7f\" data-element_type=\"container\" data-settings=\"{&quot;background_background&quot;:&quot;classic&quot;}\">\n\t\t\t\t<div class=\"elementor-element elementor-element-d54887b elementor-widget elementor-widget-image\" data-id=\"d54887b\" data-element_type=\"widget\" data-widget_type=\"image.default\">\n\t\t\t\t<div class=\"elementor-widget-container\">\n\t\t\t\t\t\t\t\t\t\t\t\t\t<img decoding=\"async\" width=\"150\" height=\"150\" src=\"https:\/\/iomtech.com\/web\/wp-content\/uploads\/2024\/11\/Schnittstelle-150x150.png\" class=\"attachment-thumbnail size-thumbnail wp-image-2605\" alt=\"\" srcset=\"https:\/\/iomtech.com\/web\/wp-content\/uploads\/2024\/11\/Schnittstelle-150x150.png 150w, https:\/\/iomtech.com\/web\/wp-content\/uploads\/2024\/11\/Schnittstelle-300x300.png 300w, https:\/\/iomtech.com\/web\/wp-content\/uploads\/2024\/11\/Schnittstelle.png 512w\" sizes=\"(max-width: 150px) 100vw, 150px\" \/>\t\t\t\t\t\t\t\t\t\t\t\t\t<\/div>\n\t\t\t\t<\/div>\n\t\t\t\t<div class=\"elementor-element elementor-element-df69822 elementor-widget elementor-widget-text-editor\" data-id=\"df69822\" data-element_type=\"widget\" data-widget_type=\"text-editor.default\">\n\t\t\t\t<div class=\"elementor-widget-container\">\n\t\t\t\t\t\t\t<p><strong>Migration und Schnittstellen<\/strong><\/p>\n<p style=\"text-align: center;\">Die IOMTech GmbH realisiert Datenmigrationen und Schnittstellen f\u00fcr nahezu beliebige Datenformate auf allen bekannten IT-Systemen. Die Besonderheit bei der Datenmigration ist die Schaffung eines virtuellen \u201eZwischenwirts\u201c, welcher die auszutauschenden Daten im finalen Zustand vor der endg\u00fcltigen Migration visualisiert.<\/p>\t\t\t\t\t\t<\/div>\n\t\t\t\t<\/div>\n\t\t\t\t<\/div>\n\t\t<div class=\"elementor-element elementor-element-6962065 e-con-full e-flex e-con e-child\" data-id=\"6962065\" data-element_type=\"container\" data-settings=\"{&quot;background_background&quot;:&quot;classic&quot;}\">\n\t\t<div class=\"elementor-element elementor-element-3904c6e e-grid e-con-full e-con e-child\" data-id=\"3904c6e\" data-element_type=\"container\">\n\t\t<div class=\"elementor-element elementor-element-6b2a196 e-con-full e-flex e-con e-child\" data-id=\"6b2a196\" data-element_type=\"container\">\n\t\t\t\t<div class=\"elementor-element elementor-element-7a258b7 elementor-widget elementor-widget-image\" data-id=\"7a258b7\" data-element_type=\"widget\" data-widget_type=\"image.default\">\n\t\t\t\t<div class=\"elementor-widget-container\">\n\t\t\t\t\t\t\t\t\t\t\t\t\t<img decoding=\"async\" width=\"150\" height=\"150\" src=\"https:\/\/iomtech.com\/web\/wp-content\/uploads\/2024\/11\/Bildschirm-150x150.png\" class=\"attachment-thumbnail size-thumbnail wp-image-2619\" alt=\"\" srcset=\"https:\/\/iomtech.com\/web\/wp-content\/uploads\/2024\/11\/Bildschirm-150x150.png 150w, https:\/\/iomtech.com\/web\/wp-content\/uploads\/2024\/11\/Bildschirm-300x300.png 300w, https:\/\/iomtech.com\/web\/wp-content\/uploads\/2024\/11\/Bildschirm.png 512w\" sizes=\"(max-width: 150px) 100vw, 150px\" \/>\t\t\t\t\t\t\t\t\t\t\t\t\t<\/div>\n\t\t\t\t<\/div>\n\t\t\t\t<\/div>\n\t\t\t\t<div class=\"elementor-element elementor-element-ed6a320 elementor-widget elementor-widget-text-editor\" data-id=\"ed6a320\" data-element_type=\"widget\" data-widget_type=\"text-editor.default\">\n\t\t\t\t<div class=\"elementor-widget-container\">\n\t\t\t\t\t\t\t<p><strong>Systemschw\u00e4chen finden<\/strong><\/p>\n<p>Die oben genannte Methode erlaubt es zus\u00e4tzlich, Anwendungsperformance und Anomalien in Daten, Netzwerken oder Systemen in den Ursprungssystemen zu erkennen und unterst\u00fctzt Sie bei der Optimierung Ihrer Ausgangssoftware.<\/p>\t\t\t\t\t\t<\/div>\n\t\t\t\t<\/div>\n\t\t\t\t<\/div>\n\t\t\t\t<\/div>\n\t\t\t\t\t<\/div>\n\t\t\t\t<\/div>\n\t\t\t\t<\/div>\n\t\t","protected":false},"excerpt":{"rendered":"<p>Datenmanagement Viele Unternehmen speichern im Laufe der Zeit vielfache, nahezu unz\u00e4hlbare und kaum kategorisierbare Daten. Die Werthaltigkeit und der Nutzen [&hellip;]<\/p>\n","protected":false},"author":1,"featured_media":0,"parent":0,"menu_order":0,"comment_status":"closed","ping_status":"closed","template":"","meta":{"site-sidebar-layout":"default","site-content-layout":"","ast-site-content-layout":"","site-content-style":"default","site-sidebar-style":"default","ast-global-header-display":"","ast-banner-title-visibility":"","ast-main-header-display":"","ast-hfb-above-header-display":"","ast-hfb-below-header-display":"","ast-hfb-mobile-header-display":"","site-post-title":"","ast-breadcrumbs-content":"","ast-featured-img":"","footer-sml-layout":"","theme-transparent-header-meta":"","adv-header-id-meta":"","stick-header-meta":"","header-above-stick-meta":"","header-main-stick-meta":"","header-below-stick-meta":"","astra-migrate-meta-layouts":"default","ast-page-background-enabled":"default","ast-page-background-meta":{"desktop":{"background-color":"var(--ast-global-color-4)","background-image":"","background-repeat":"repeat","background-position":"center center","background-size":"auto","background-attachment":"scroll","background-type":"","background-media":"","overlay-type":"","overlay-color":"","overlay-opacity":"","overlay-gradient":""},"tablet":{"background-color":"","background-image":"","background-repeat":"repeat","background-position":"center center","background-size":"auto","background-attachment":"scroll","background-type":"","background-media":"","overlay-type":"","overlay-color":"","overlay-opacity":"","overlay-gradient":""},"mobile":{"background-color":"","background-image":"","background-repeat":"repeat","background-position":"center center","background-size":"auto","background-attachment":"scroll","background-type":"","background-media":"","overlay-type":"","overlay-color":"","overlay-opacity":"","overlay-gradient":""}},"ast-content-background-meta":{"desktop":{"background-color":"var(--ast-global-color-5)","background-image":"","background-repeat":"repeat","background-position":"center center","background-size":"auto","background-attachment":"scroll","background-type":"","background-media":"","overlay-type":"","overlay-color":"","overlay-opacity":"","overlay-gradient":""},"tablet":{"background-color":"var(--ast-global-color-5)","background-image":"","background-repeat":"repeat","background-position":"center center","background-size":"auto","background-attachment":"scroll","background-type":"","background-media":"","overlay-type":"","overlay-color":"","overlay-opacity":"","overlay-gradient":""},"mobile":{"background-color":"var(--ast-global-color-5)","background-image":"","background-repeat":"repeat","background-position":"center center","background-size":"auto","background-attachment":"scroll","background-type":"","background-media":"","overlay-type":"","overlay-color":"","overlay-opacity":"","overlay-gradient":""}},"footnotes":""},"class_list":["post-513","page","type-page","status-publish","hentry"],"_links":{"self":[{"href":"https:\/\/iomtech.com\/web\/wp-json\/wp\/v2\/pages\/513","targetHints":{"allow":["GET"]}}],"collection":[{"href":"https:\/\/iomtech.com\/web\/wp-json\/wp\/v2\/pages"}],"about":[{"href":"https:\/\/iomtech.com\/web\/wp-json\/wp\/v2\/types\/page"}],"author":[{"embeddable":true,"href":"https:\/\/iomtech.com\/web\/wp-json\/wp\/v2\/users\/1"}],"replies":[{"embeddable":true,"href":"https:\/\/iomtech.com\/web\/wp-json\/wp\/v2\/comments?post=513"}],"version-history":[{"count":73,"href":"https:\/\/iomtech.com\/web\/wp-json\/wp\/v2\/pages\/513\/revisions"}],"predecessor-version":[{"id":2647,"href":"https:\/\/iomtech.com\/web\/wp-json\/wp\/v2\/pages\/513\/revisions\/2647"}],"wp:attachment":[{"href":"https:\/\/iomtech.com\/web\/wp-json\/wp\/v2\/media?parent=513"}],"curies":[{"name":"wp","href":"https:\/\/api.w.org\/{rel}","templated":true}]}}