{"id":516,"date":"2024-03-06T16:45:54","date_gmt":"2024-03-06T15:45:54","guid":{"rendered":"http:\/\/miq-systems.de\/?page_id=516"},"modified":"2024-11-08T17:11:50","modified_gmt":"2024-11-08T16:11:50","slug":"datenschutz-und-datensicherheit","status":"publish","type":"page","link":"https:\/\/iomtech.com\/web\/datenschutz-und-datensicherheit\/","title":{"rendered":"Datenschutz und Datensicherheit"},"content":{"rendered":"\t\t<div data-elementor-type=\"wp-page\" data-elementor-id=\"516\" class=\"elementor elementor-516\">\n\t\t\t\t<div class=\"elementor-element elementor-element-3fc1f35 e-flex e-con-boxed elementor-invisible e-con e-parent\" data-id=\"3fc1f35\" data-element_type=\"container\" data-settings=\"{&quot;animation&quot;:&quot;fadeIn&quot;}\">\n\t\t\t\t\t<div class=\"e-con-inner\">\n\t\t<div class=\"elementor-element elementor-element-7b30665 e-con-full e-flex e-con e-child\" data-id=\"7b30665\" data-element_type=\"container\" data-settings=\"{&quot;background_background&quot;:&quot;classic&quot;}\">\n\t\t<div class=\"elementor-element elementor-element-7aaf53f e-con-full e-flex e-con e-child\" data-id=\"7aaf53f\" data-element_type=\"container\">\n\t\t\t\t<div class=\"elementor-element elementor-element-265d249 elementor-widget elementor-widget-text-editor\" data-id=\"265d249\" data-element_type=\"widget\" data-widget_type=\"text-editor.default\">\n\t\t\t\t<div class=\"elementor-widget-container\">\n\t\t\t\t\t\t\t<p style=\"text-align: center;\"><span style=\"color: #e40716;\">Daten<\/span>schutz <span style=\"font-style: inherit; font-weight: inherit; color: var( --e-global-color-text ); font-family: var( --e-global-typography-text-font-family ), Sans-serif;\">und Daten<span style=\"color: #e40716;\">sicherheit<\/span><\/span><\/p>\t\t\t\t\t\t<\/div>\n\t\t\t\t<\/div>\n\t\t\t\t<\/div>\n\t\t<div class=\"elementor-element elementor-element-45ba3c5 e-con-full e-flex e-con e-child\" data-id=\"45ba3c5\" data-element_type=\"container\">\n\t\t\t\t<div class=\"elementor-element elementor-element-a1ff961 elementor-widget elementor-widget-text-editor\" data-id=\"a1ff961\" data-element_type=\"widget\" data-widget_type=\"text-editor.default\">\n\t\t\t\t<div class=\"elementor-widget-container\">\n\t\t\t\t\t\t\t<p>Wir unterst\u00fctzen Ihr Unternehmen bei der Schaffung sicherer Arbeitsumgebungen und technischen Infrastrukturen. Von der Erstellung der Management-Richtlinien bis zu Arbeitsanweisungen begleiten wir auch Pr\u00fcfungen und Audits.<\/p>\t\t\t\t\t\t<\/div>\n\t\t\t\t<\/div>\n\t\t\t\t<\/div>\n\t\t\t\t<\/div>\n\t\t\t\t\t<\/div>\n\t\t\t\t<\/div>\n\t\t<div class=\"elementor-element elementor-element-6b2b5c6 e-flex e-con-boxed elementor-invisible e-con e-parent\" data-id=\"6b2b5c6\" data-element_type=\"container\" data-settings=\"{&quot;animation&quot;:&quot;fadeIn&quot;,&quot;animation_delay&quot;:300}\">\n\t\t\t\t\t<div class=\"e-con-inner\">\n\t\t<div class=\"elementor-element elementor-element-bf3bbf8 e-con-full e-flex e-con e-child\" data-id=\"bf3bbf8\" data-element_type=\"container\">\n\t\t<div class=\"elementor-element elementor-element-d1a5940 e-con-full e-flex e-con e-child\" data-id=\"d1a5940\" data-element_type=\"container\">\n\t\t\t\t<div class=\"elementor-element elementor-element-c975cb4 elementor-widget elementor-widget-text-editor\" data-id=\"c975cb4\" data-element_type=\"widget\" data-widget_type=\"text-editor.default\">\n\t\t\t\t<div class=\"elementor-widget-container\">\n\t\t\t\t\t\t\t<p style=\"text-align: center;\">Daten<span style=\"color: #e40716;\">schutz<\/span>audit<\/p>\t\t\t\t\t\t<\/div>\n\t\t\t\t<\/div>\n\t\t\t\t<\/div>\n\t\t<div class=\"elementor-element elementor-element-c699e7b e-con-full e-flex e-con e-child\" data-id=\"c699e7b\" data-element_type=\"container\">\n\t\t\t\t<div class=\"elementor-element elementor-element-f8a639e elementor-widget elementor-widget-text-editor\" data-id=\"f8a639e\" data-element_type=\"widget\" data-widget_type=\"text-editor.default\">\n\t\t\t\t<div class=\"elementor-widget-container\">\n\t\t\t\t\t\t\t<p>Die Auditoren f\u00fchren gemeinsam mit Ihnen eine \u00dcberpr\u00fcfung der Datenschutzsysteme, speziell der eingesetzten Hard- und Software sowie aller etablierten Arbeitsabl\u00e4ufe durch. Wir simulieren mit Ihnen Pr\u00fcfungsbedingungen und bereiten Sie optimal vor.<\/p>\t\t\t\t\t\t<\/div>\n\t\t\t\t<\/div>\n\t\t\t\t<\/div>\n\t\t\t\t<\/div>\n\t\t\t\t\t<\/div>\n\t\t\t\t<\/div>\n\t\t<div class=\"elementor-element elementor-element-b46b29f e-flex e-con-boxed elementor-invisible e-con e-parent\" data-id=\"b46b29f\" data-element_type=\"container\" data-settings=\"{&quot;animation&quot;:&quot;fadeIn&quot;,&quot;animation_delay&quot;:600}\">\n\t\t\t\t\t<div class=\"e-con-inner\">\n\t\t<div class=\"elementor-element elementor-element-b031468 e-con-full e-flex e-con e-child\" data-id=\"b031468\" data-element_type=\"container\" data-settings=\"{&quot;background_background&quot;:&quot;classic&quot;}\">\n\t\t<div class=\"elementor-element elementor-element-5bdc5eb e-con-full e-flex e-con e-child\" data-id=\"5bdc5eb\" data-element_type=\"container\">\n\t\t\t\t<div class=\"elementor-element elementor-element-6531fd1 elementor-widget elementor-widget-text-editor\" data-id=\"6531fd1\" data-element_type=\"widget\" data-widget_type=\"text-editor.default\">\n\t\t\t\t<div class=\"elementor-widget-container\">\n\t\t\t\t\t\t\t<p style=\"text-align: center;\"><span style=\"color: #e40716;\">Dokumente<\/span> zum Datenschutz und Arbeits<span style=\"color: #e40716;\">anweisungen<\/span><\/p>\t\t\t\t\t\t<\/div>\n\t\t\t\t<\/div>\n\t\t\t\t<\/div>\n\t\t<div class=\"elementor-element elementor-element-acea532 e-con-full e-flex e-con e-child\" data-id=\"acea532\" data-element_type=\"container\">\n\t\t\t\t<div class=\"elementor-element elementor-element-f992806 elementor-widget elementor-widget-text-editor\" data-id=\"f992806\" data-element_type=\"widget\" data-widget_type=\"text-editor.default\">\n\t\t\t\t<div class=\"elementor-widget-container\">\n\t\t\t\t\t\t\t<p>Der betriebliche Datenschutz verpflichtet Unternehmen dazu mit strukturierten Arbeitsanweisungen und allgemeinen Datenschutzdokumenten Rechte und Pflichten zu wahren und nachhaltige Transparenz im Unternehmen zu schaffen. Wir erstellen, passend zu Ihrer Struktur, die Dokumente, die Ihr Unternehmen absichert. Diese Dokumente liefern wir Ihnen inklusive eines Dokumentenmanagementsystems, welches die Pflege und Erg\u00e4nzung von Dokumenten jederzeit und ortsunabh\u00e4ngig f\u00fcr Sie oder beauftragte Dritte kosteng\u00fcnstig und effektiv erm\u00f6glicht.<\/p>\t\t\t\t\t\t<\/div>\n\t\t\t\t<\/div>\n\t\t\t\t<\/div>\n\t\t\t\t<\/div>\n\t\t\t\t\t<\/div>\n\t\t\t\t<\/div>\n\t\t<div class=\"elementor-element elementor-element-f60d012 e-flex e-con-boxed elementor-invisible e-con e-parent\" data-id=\"f60d012\" data-element_type=\"container\" data-settings=\"{&quot;animation&quot;:&quot;fadeIn&quot;,&quot;animation_delay&quot;:900}\">\n\t\t\t\t\t<div class=\"e-con-inner\">\n\t\t<div class=\"elementor-element elementor-element-12dfcff e-con-full e-flex e-con e-child\" data-id=\"12dfcff\" data-element_type=\"container\">\n\t\t<div class=\"elementor-element elementor-element-80914ba e-con-full e-flex e-con e-child\" data-id=\"80914ba\" data-element_type=\"container\">\n\t\t\t\t<div class=\"elementor-element elementor-element-8f087c3 elementor-widget elementor-widget-text-editor\" data-id=\"8f087c3\" data-element_type=\"widget\" data-widget_type=\"text-editor.default\">\n\t\t\t\t<div class=\"elementor-widget-container\">\n\t\t\t\t\t\t\t<p style=\"text-align: center;\">Datenschutz<span style=\"color: #e40716;\">beauftragter<\/span><\/p>\t\t\t\t\t\t<\/div>\n\t\t\t\t<\/div>\n\t\t\t\t<\/div>\n\t\t<div class=\"elementor-element elementor-element-91ff5f3 e-con-full e-flex e-con e-child\" data-id=\"91ff5f3\" data-element_type=\"container\">\n\t\t\t\t<div class=\"elementor-element elementor-element-e625cff elementor-widget elementor-widget-text-editor\" data-id=\"e625cff\" data-element_type=\"widget\" data-widget_type=\"text-editor.default\">\n\t\t\t\t<div class=\"elementor-widget-container\">\n\t\t\t\t\t\t\t<p>Wir schulen Ihre potentiellen Datenschutzbeauftragten und unterst\u00fctzen die Einarbeitung und Etablierung von Prozessen, damit Sie mit den datenschutzrechtlichen Bestimmungen vertraut sind. Sie k\u00f6nnen ausserdem die IOMTech GmbH als externen Datenschutzbeauftragten bestellen.<\/p>\t\t\t\t\t\t<\/div>\n\t\t\t\t<\/div>\n\t\t\t\t<\/div>\n\t\t\t\t<\/div>\n\t\t\t\t\t<\/div>\n\t\t\t\t<\/div>\n\t\t<div class=\"elementor-element elementor-element-7e5c05b e-flex e-con-boxed elementor-invisible e-con e-parent\" data-id=\"7e5c05b\" data-element_type=\"container\" data-settings=\"{&quot;animation&quot;:&quot;fadeIn&quot;,&quot;animation_delay&quot;:1200}\">\n\t\t\t\t\t<div class=\"e-con-inner\">\n\t\t<div class=\"elementor-element elementor-element-311e561 e-con-full e-flex e-con e-child\" data-id=\"311e561\" data-element_type=\"container\" data-settings=\"{&quot;background_background&quot;:&quot;classic&quot;}\">\n\t\t<div class=\"elementor-element elementor-element-a6bf2bd e-con-full e-flex e-con e-child\" data-id=\"a6bf2bd\" data-element_type=\"container\">\n\t\t\t\t<div class=\"elementor-element elementor-element-29b1d57 elementor-widget elementor-widget-text-editor\" data-id=\"29b1d57\" data-element_type=\"widget\" data-widget_type=\"text-editor.default\">\n\t\t\t\t<div class=\"elementor-widget-container\">\n\t\t\t\t\t\t\t<p style=\"text-align: center;\">Datenschutz<span style=\"color: #e40716;\">schulungen<\/span><\/p>\t\t\t\t\t\t<\/div>\n\t\t\t\t<\/div>\n\t\t\t\t<\/div>\n\t\t<div class=\"elementor-element elementor-element-5e6a77a e-con-full e-flex e-con e-child\" data-id=\"5e6a77a\" data-element_type=\"container\">\n\t\t\t\t<div class=\"elementor-element elementor-element-eaab733 elementor-widget elementor-widget-text-editor\" data-id=\"eaab733\" data-element_type=\"widget\" data-widget_type=\"text-editor.default\">\n\t\t\t\t<div class=\"elementor-widget-container\">\n\t\t\t\t\t\t\t<p>Seit 2018 gilt die Datenschutz-Grundverordnung (DSGVO). Neben dem Bundesdatenschutzgesetze (BDSG) stellen diese Anforderungen unterschiedlichste Anspr\u00fcche an alle Mitarbeiter, insbesondere an die Verantwortungstr\u00e4ger. Wir schulen Ihr Personal zu arbeitsrechtlichen Vorgaben, Vorschriften der Datenschutz-Grundverordnung (DSGVO) und des Bundesdatenschutzgesetzes (BDSG) und halten Sie auf den laufenden bei \u00c4nderungen und Neuerungen zu diesen Themen.<\/p>\t\t\t\t\t\t<\/div>\n\t\t\t\t<\/div>\n\t\t\t\t<\/div>\n\t\t\t\t<\/div>\n\t\t\t\t\t<\/div>\n\t\t\t\t<\/div>\n\t\t<div class=\"elementor-element elementor-element-263b63c e-flex e-con-boxed elementor-invisible e-con e-parent\" data-id=\"263b63c\" data-element_type=\"container\" data-settings=\"{&quot;animation&quot;:&quot;fadeIn&quot;,&quot;animation_delay&quot;:500}\">\n\t\t\t\t\t<div class=\"e-con-inner\">\n\t\t<div class=\"elementor-element elementor-element-8926f5f e-con-full e-flex e-con e-child\" data-id=\"8926f5f\" data-element_type=\"container\" data-settings=\"{&quot;background_background&quot;:&quot;classic&quot;}\">\n\t\t\t\t<div class=\"elementor-element elementor-element-a6e7f0f elementor-widget elementor-widget-text-editor\" data-id=\"a6e7f0f\" data-element_type=\"widget\" data-widget_type=\"text-editor.default\">\n\t\t\t\t<div class=\"elementor-widget-container\">\n\t\t\t\t\t\t\t<p style=\"text-align: center;\"><span style=\"text-decoration: underline;\"><strong>Leistungsportfolio<\/strong><\/span><\/p>\t\t\t\t\t\t<\/div>\n\t\t\t\t<\/div>\n\t\t<div class=\"elementor-element elementor-element-10ca9a7 e-grid e-con-full e-con e-child\" data-id=\"10ca9a7\" data-element_type=\"container\">\n\t\t\t\t<div class=\"elementor-element elementor-element-613815a elementor-widget elementor-widget-text-editor\" data-id=\"613815a\" data-element_type=\"widget\" data-widget_type=\"text-editor.default\">\n\t\t\t\t<div class=\"elementor-widget-container\">\n\t\t\t\t\t\t\t<p style=\"padding-left: 40px;\"><strong>Grundlagen<\/strong><\/p>\n<ul>\n<li>Sicherheitsrichtlinie<\/li>\n<li>Individuelle Datenschutzerkl\u00e4rung und Cookie-Richtlinie f\u00fcr Ihre Website<\/li>\n<li>Technische und organisatorische Ma\u00dfnahmen (TOM)<\/li>\n<li>Grundlegende Richtlinien (z.B. Datenl\u00f6schkonzepten<\/li>\n<\/ul>\t\t\t\t\t\t<\/div>\n\t\t\t\t<\/div>\n\t\t\t\t<div class=\"elementor-element elementor-element-d42fd54 elementor-widget elementor-widget-text-editor\" data-id=\"d42fd54\" data-element_type=\"widget\" data-widget_type=\"text-editor.default\">\n\t\t\t\t<div class=\"elementor-widget-container\">\n\t\t\t\t\t\t\t<p style=\"padding-left: 40px;\"><strong>Vertr\u00e4ge, Erkl\u00e4rungen, Anweisungen<\/strong><\/p>\n<ul>\n<li>Auftragsverarbeitungsvertr\u00e4ge<\/li>\n<li>Verschwiegenheitserkl\u00e4rung<\/li>\n<li>Einverst\u00e4ndniserkl\u00e4rungen<\/li>\n<li>Arbeitsvezeichnisse<\/li>\n<li>Video\u00fcberwachungshinweis<\/li>\n<li>Ecommerce und Apps<\/li>\n<li>Rechtshinweise<\/li>\n<\/ul>\t\t\t\t\t\t<\/div>\n\t\t\t\t<\/div>\n\t\t\t\t<div class=\"elementor-element elementor-element-8278b06 elementor-widget elementor-widget-text-editor\" data-id=\"8278b06\" data-element_type=\"widget\" data-widget_type=\"text-editor.default\">\n\t\t\t\t<div class=\"elementor-widget-container\">\n\t\t\t\t\t\t\t<p style=\"padding-left: 40px;\"><strong>Analysen<\/strong><\/p>\n<ul>\n<li>Datenschutz-Compliance-Analyse<\/li>\n<li>Risikoanalyse<\/li>\n<li>Aufgabenmanagement\/ Optimierung der Performance<\/li>\n<li>Datenschutz-Folgenabsch\u00e4tzungen<\/li>\n<\/ul>\t\t\t\t\t\t<\/div>\n\t\t\t\t<\/div>\n\t\t\t\t<\/div>\n\t\t\t\t<\/div>\n\t\t\t\t\t<\/div>\n\t\t\t\t<\/div>\n\t\t\t\t<\/div>\n\t\t","protected":false},"excerpt":{"rendered":"<p>Datenschutz und Datensicherheit Wir unterst\u00fctzen Ihr Unternehmen bei der Schaffung sicherer Arbeitsumgebungen und technischen Infrastrukturen. Von der Erstellung der Management-Richtlinien [&hellip;]<\/p>\n","protected":false},"author":1,"featured_media":0,"parent":0,"menu_order":0,"comment_status":"closed","ping_status":"closed","template":"","meta":{"site-sidebar-layout":"default","site-content-layout":"","ast-site-content-layout":"","site-content-style":"default","site-sidebar-style":"default","ast-global-header-display":"","ast-banner-title-visibility":"","ast-main-header-display":"","ast-hfb-above-header-display":"","ast-hfb-below-header-display":"","ast-hfb-mobile-header-display":"","site-post-title":"","ast-breadcrumbs-content":"","ast-featured-img":"","footer-sml-layout":"","theme-transparent-header-meta":"","adv-header-id-meta":"","stick-header-meta":"","header-above-stick-meta":"","header-main-stick-meta":"","header-below-stick-meta":"","astra-migrate-meta-layouts":"default","ast-page-background-enabled":"default","ast-page-background-meta":{"desktop":{"background-color":"var(--ast-global-color-4)","background-image":"","background-repeat":"repeat","background-position":"center center","background-size":"auto","background-attachment":"scroll","background-type":"","background-media":"","overlay-type":"","overlay-color":"","overlay-opacity":"","overlay-gradient":""},"tablet":{"background-color":"","background-image":"","background-repeat":"repeat","background-position":"center center","background-size":"auto","background-attachment":"scroll","background-type":"","background-media":"","overlay-type":"","overlay-color":"","overlay-opacity":"","overlay-gradient":""},"mobile":{"background-color":"","background-image":"","background-repeat":"repeat","background-position":"center center","background-size":"auto","background-attachment":"scroll","background-type":"","background-media":"","overlay-type":"","overlay-color":"","overlay-opacity":"","overlay-gradient":""}},"ast-content-background-meta":{"desktop":{"background-color":"var(--ast-global-color-5)","background-image":"","background-repeat":"repeat","background-position":"center center","background-size":"auto","background-attachment":"scroll","background-type":"","background-media":"","overlay-type":"","overlay-color":"","overlay-opacity":"","overlay-gradient":""},"tablet":{"background-color":"var(--ast-global-color-5)","background-image":"","background-repeat":"repeat","background-position":"center center","background-size":"auto","background-attachment":"scroll","background-type":"","background-media":"","overlay-type":"","overlay-color":"","overlay-opacity":"","overlay-gradient":""},"mobile":{"background-color":"var(--ast-global-color-5)","background-image":"","background-repeat":"repeat","background-position":"center center","background-size":"auto","background-attachment":"scroll","background-type":"","background-media":"","overlay-type":"","overlay-color":"","overlay-opacity":"","overlay-gradient":""}},"footnotes":""},"class_list":["post-516","page","type-page","status-publish","hentry"],"_links":{"self":[{"href":"https:\/\/iomtech.com\/web\/wp-json\/wp\/v2\/pages\/516","targetHints":{"allow":["GET"]}}],"collection":[{"href":"https:\/\/iomtech.com\/web\/wp-json\/wp\/v2\/pages"}],"about":[{"href":"https:\/\/iomtech.com\/web\/wp-json\/wp\/v2\/types\/page"}],"author":[{"embeddable":true,"href":"https:\/\/iomtech.com\/web\/wp-json\/wp\/v2\/users\/1"}],"replies":[{"embeddable":true,"href":"https:\/\/iomtech.com\/web\/wp-json\/wp\/v2\/comments?post=516"}],"version-history":[{"count":131,"href":"https:\/\/iomtech.com\/web\/wp-json\/wp\/v2\/pages\/516\/revisions"}],"predecessor-version":[{"id":2776,"href":"https:\/\/iomtech.com\/web\/wp-json\/wp\/v2\/pages\/516\/revisions\/2776"}],"wp:attachment":[{"href":"https:\/\/iomtech.com\/web\/wp-json\/wp\/v2\/media?parent=516"}],"curies":[{"name":"wp","href":"https:\/\/api.w.org\/{rel}","templated":true}]}}